{"id":662,"date":"2025-07-25T21:24:34","date_gmt":"2025-07-26T00:24:34","guid":{"rendered":"https:\/\/staging.youtunein.com\/about-us\/"},"modified":"2025-11-18T13:31:55","modified_gmt":"2025-11-18T16:31:55","slug":"about-us","status":"publish","type":"page","link":"https:\/\/staging.youtunein.com\/pt-br\/about-us\/","title":{"rendered":"About Us"},"content":{"rendered":"\t\t<div data-elementor-type=\"wp-page\" data-elementor-id=\"662\" class=\"elementor elementor-662 elementor-34\" data-elementor-post-type=\"page\">\n\t\t\t\t<div class=\"elementor-element elementor-element-77013c6b shadow e-flex e-con-boxed e-con e-parent\" data-id=\"77013c6b\" data-element_type=\"container\" data-e-type=\"container\" data-settings=\"{&quot;background_background&quot;:&quot;classic&quot;}\">\n\t\t\t\t\t<div class=\"e-con-inner\">\n\t\t\t\t<div class=\"elementor-element elementor-element-5ed2d257 shadow elementor-widget elementor-widget-heading\" data-id=\"5ed2d257\" data-element_type=\"widget\" data-e-type=\"widget\" data-widget_type=\"heading.default\">\n\t\t\t\t\t<h1 class=\"elementor-heading-title elementor-size-default\">Sobre N\u00f3s<\/h1>\t\t\t\t<\/div>\n\t\t\t\t<div class=\"elementor-element elementor-element-1619dbc3 elementor-widget elementor-widget-image\" data-id=\"1619dbc3\" data-element_type=\"widget\" data-e-type=\"widget\" data-widget_type=\"image.default\">\n\t\t\t\t\t\t\t\t\t\t\t\t\t\t\t<img decoding=\"async\" width=\"84\" height=\"40\" src=\"https:\/\/staging.youtunein.com\/wp-content\/uploads\/2025\/07\/signal-icon-1-2.png\" class=\"attachment-full size-full wp-image-556\" alt=\"\" \/>\t\t\t\t\t\t\t\t\t\t\t\t\t\t\t<\/div>\n\t\t\t\t<div class=\"elementor-element elementor-element-4c297fd3 elementor-widget__width-initial shadow elementor-widget elementor-widget-heading\" data-id=\"4c297fd3\" data-element_type=\"widget\" data-e-type=\"widget\" data-widget_type=\"heading.default\">\n\t\t\t\t\t<p class=\"elementor-heading-title elementor-size-default\">Nossa miss\u00e3o \u00e9 contribuir com o coletivo, elevando a vibra\u00e7\u00e3o e frequ\u00eancia global. Quanto mais sintonizadas as pessoas estiverem,\nmelhor ser\u00e1 o nosso mundo<\/p>\t\t\t\t<\/div>\n\t\t\t\t<div class=\"elementor-element elementor-element-f53740 shadow elementor-widget elementor-widget-text-editor\" data-id=\"f53740\" data-element_type=\"widget\" data-e-type=\"widget\" data-widget_type=\"text-editor.default\">\n\t\t\t\t\t\t\t\t\t<p>Estamos comprometidos em ajud\u00e1-lo nesta bela jornada do despertar. Pense em uma conversa di\u00e1ria com um amigo que o elevar\u00e1, n\u00e3o importa o que aconte\u00e7a, ajudando voc\u00ea a alinhar seu humor, ideias e desejos, experimentando a verdadeira conex\u00e3o interior. Vamos sintonizar com voc\u00ea !<\/p><p>Nossa filosofia \u00e9 elevar a consci\u00eancia e o amor coletivamente, atrav\u00e9s do nosso programa &#8220;Passos Youtunein&#8221; e da comunica\u00e7\u00e3o universal, sem conota\u00e7\u00f5es religiosas espec\u00edficas, acolhemos e oferecemos diferentes maneiras e filosofias para nos conectarmos atrav\u00e9s da medita\u00e7\u00e3o, com o objetivo de sintonizar com o &#8220;Eu&#8221; Superior que existe dentro de cada um de n\u00f3s.<\/p><p>Com base em tr\u00eas anos de estudos e um ano intenso de desenvolvimento, o Youtunein foi criado e formado por uma equipe pequena, mas de potencial incalcul\u00e1vel, onde Desenvolvedores, Produtores e Facilitadores possuem o mesmo objetivo de ajudar a sociedade e contribuir para o despertar da consci\u00eancia.<\/p>\t\t\t\t\t\t\t\t<\/div>\n\t\t\t\t\t<\/div>\n\t\t\t\t<\/div>\n\t\t<div class=\"elementor-element elementor-element-49530cd3 elementor-hidden-mobile e-flex e-con-boxed e-con e-parent\" data-id=\"49530cd3\" data-element_type=\"container\" data-e-type=\"container\">\n\t\t\t\t\t<div class=\"e-con-inner\">\n\t\t<div class=\"elementor-element elementor-element-7b13daa8 e-con-full e-flex e-con e-child\" data-id=\"7b13daa8\" data-element_type=\"container\" data-e-type=\"container\">\n\t\t\t\t<div class=\"elementor-element elementor-element-383d89cf elementor-widget elementor-widget-heading\" data-id=\"383d89cf\" data-element_type=\"widget\" data-e-type=\"widget\" data-widget_type=\"heading.default\">\n\t\t\t\t\t<h2 class=\"elementor-heading-title elementor-size-default\">Nosso Time<\/h2>\t\t\t\t<\/div>\n\t\t\t\t<div class=\"elementor-element elementor-element-11624557 elementor-widget elementor-widget-text-editor\" data-id=\"11624557\" data-element_type=\"widget\" data-e-type=\"widget\" data-widget_type=\"text-editor.default\">\n\t\t\t\t\t\t\t\t\t<p>A equipe do YouTuneIn \u00e9 formada por pessoas que praticam medita\u00e7\u00e3o h\u00e1 muitos anos e, por isso, conhecemos o impacto que a medita\u00e7\u00e3o pode ter na vida das pessoas. Atrav\u00e9s de uma pr\u00e1tica di\u00e1ria comprometida, nos tornamos a melhor vers\u00e3o de n\u00f3s mesmos. Agora, estamos muito animados para compartilhar essa f\u00f3rmula \u00fanica com o mundo.<\/p><p>Nosso prop\u00f3sito \u00e9 compartilhar esse poder transformador, oferecendo uma f\u00f3rmula \u00fanica que pode ajudar outros a alcan\u00e7arem o mesmo crescimento pessoal e bem-estar. N\u00f3s imaginamos um futuro em que o YouTuneIn se torne uma empresa l\u00edder na ind\u00fastria de bem-estar, estabelecendo novos padr\u00f5es para a sa\u00fade mental e emocional atrav\u00e9s de t\u00e9cnicas de medita\u00e7\u00e3o inovadoras.<\/p><p>Estamos orgulhosos em anunciar que conseguimos investidores pr\u00e9-seed que acreditam em nossa vis\u00e3o e est\u00e3o apoiando nossa jornada. Al\u00e9m disso, nossa equipe de produ\u00e7\u00e3o interna garante que cada aspecto do nosso aplicativo seja elaborado com cuidado e expertise, desde as frequ\u00eancias binaurais at\u00e9 a experi\u00eancia do usu\u00e1rio.<br \/>Com essa base s\u00f3lida, o YouTuneIn est\u00e1 pronto para um crescimento significativo e estamos empolgados em embarcar nesta jornada juntos, fazendo um impacto positivo na vida das pessoas ao redor do mundo.<\/p>\t\t\t\t\t\t\t\t<\/div>\n\t\t\t\t<\/div>\n\t\t<div class=\"elementor-element elementor-element-136dbc9a e-con-full e-flex e-con e-child\" data-id=\"136dbc9a\" data-element_type=\"container\" data-e-type=\"container\">\n\t\t\t\t<div class=\"elementor-element elementor-element-71bf5ed3 elementor-hidden-desktop elementor-hidden-tablet elementor-hidden-mobile elementor-widget elementor-widget-shortcode\" data-id=\"71bf5ed3\" data-element_type=\"widget\" data-e-type=\"widget\" data-widget_type=\"shortcode.default\">\n\t\t\t\t\t\t\t<div class=\"elementor-shortcode\">    <div class=\"custom-video-wrapper\">\n      <video \n        src=\"https:\/\/simonapps.shop\/wp-content\/uploads\/2025\/07\/team-youtunein-1.mp4\" \n        autoplay \n        loop \n        muted \n        playsinline \n        class=\"custom-video\">\n      <\/video>\n    <\/div>\n\n    <style>\n      .custom-video-wrapper {\n        width: 350px;\n        height: 720px;\n        overflow: hidden;\n      }\n\n      .custom-video {\n        width: 100%;\n        height: 100%;\n        object-fit: cover;\n        display: block;\n      }\n\n      \/* Remove margens padr\u00e3o do Elementor *\/\n      .elementor-widget-container {\n        padding: 0 !important;\n        margin: 0 !important;\n      }\n    <\/style>\n    <\/div>\n\t\t\t\t\t\t<\/div>\n\t\t\t\t<div class=\"elementor-element elementor-element-df71b22 elementor-hidden-mobile elementor-widget elementor-widget-video\" data-id=\"df71b22\" data-element_type=\"widget\" data-e-type=\"widget\" data-settings=\"{&quot;video_type&quot;:&quot;hosted&quot;,&quot;autoplay&quot;:&quot;yes&quot;,&quot;mute&quot;:&quot;yes&quot;,&quot;loop&quot;:&quot;yes&quot;}\" data-widget_type=\"video.default\">\n\t\t\t\t\t\t\t<div class=\"e-hosted-video elementor-wrapper elementor-open-inline\">\n\t\t\t\t\t<video class=\"elementor-video\" src=\"https:\/\/staging.youtunein.com\/wp-content\/uploads\/2025\/10\/Team_YTI_update.mp4\" autoplay=\"\" loop=\"\" muted=\"muted\" controlsList=\"nodownload\"><\/video>\n\t\t\t\t<\/div>\n\t\t\t\t\t\t<\/div>\n\t\t\t\t<\/div>\n\t\t\t\t\t<\/div>\n\t\t\t\t<\/div>\n\t\t<div class=\"elementor-element elementor-element-235b9ce e-con-full elementor-hidden-desktop elementor-hidden-tablet e-flex e-con e-parent\" data-id=\"235b9ce\" data-element_type=\"container\" data-e-type=\"container\">\n\t\t<div class=\"elementor-element elementor-element-8a6232c e-con-full e-flex e-con e-child\" data-id=\"8a6232c\" data-element_type=\"container\" data-e-type=\"container\">\n\t\t<div class=\"elementor-element elementor-element-2aebdd0 e-con-full e-flex e-con e-child\" data-id=\"2aebdd0\" data-element_type=\"container\" data-e-type=\"container\">\n\t\t\t\t<div class=\"elementor-element elementor-element-eacfe29 elementor-widget elementor-widget-heading\" data-id=\"eacfe29\" data-element_type=\"widget\" data-e-type=\"widget\" data-widget_type=\"heading.default\">\n\t\t\t\t\t<h2 class=\"elementor-heading-title elementor-size-default\">Nosso<\/br> Time<\/h2>\t\t\t\t<\/div>\n\t\t\t\t<\/div>\n\t\t<div class=\"elementor-element elementor-element-04d3f78 e-con-full e-flex e-con e-child\" data-id=\"04d3f78\" data-element_type=\"container\" data-e-type=\"container\">\n\t\t\t\t<div class=\"elementor-element elementor-element-d1e36a8 elementor-widget elementor-widget-shortcode\" data-id=\"d1e36a8\" data-element_type=\"widget\" data-e-type=\"widget\" data-widget_type=\"shortcode.default\">\n\t\t\t\t\t\t\t<div class=\"elementor-shortcode\">\t<div class=\"yti-about-video-container\">\n\t\t<video playsinline webkit-playsinline muted autoplay loop preload=\"auto\" aria-hidden=\"true\" tabindex=\"-1\" poster=\"https:\/\/staging.youtunein.com\/wp-content\/themes\/hello-elementor-child\/assets\/images\/team-youtunein-about.jpeg\">\n\t\t\t<source src=\"https:\/\/staging.youtunein.com\/wp-content\/themes\/hello-elementor-child\/assets\/videos\/aboutupdate.webm\" type='video\/quicktime; codecs=\"hvc1\"'>\n\t\t\t<source src=\"https:\/\/staging.youtunein.com\/wp-content\/themes\/hello-elementor-child\/assets\/videos\/aboutupdate.webm\" type='video\/webm; codecs=\"vp9\"'>\n\t\t<\/video>\n\t\t<div class=\"yti-hero-video-poster\" style=\"background-image: url('https:\/\/staging.youtunein.com\/wp-content\/themes\/hello-elementor-child\/assets\/images\/team-youtunein-about.jpeg');\"><\/div>\n\t<\/div>\n\t<style>\n\t\t.yti-about-video-container {\n\t\t\t--zoom: 1.0;\n\t\t\t--ratio: 49.07%;\n\t\t\tposition: relative;\n\t\t\twidth: 100%;\n\t\t\toverflow: hidden;\n\t\t\tbackground: transparent;\n\t\t\tmax-width: 1920px;\n\t\t\tmargin: 0 auto;\n\t\t\tpointer-events: none;\n\t\t}\n\t\t.yti-about-video-container::before {\n\t\t\tcontent: \"\";\n\t\t\tdisplay: block;\n\t\t\tpadding-top: calc(var(--ratio) * var(--zoom));\n\t\t}\n\t\t.yti-about-video-container video {\n\t\t\tposition: absolute;\n\t\t\tinset: 0;\n\t\t\tpointer-events: none;\n\t\t\twidth: 100%;\n\t\t\theight: 100%;\n\t\t\tobject-fit: contain;\n\t\t\tobject-position: center;\n\t\t\ttransform-origin: center center;\n\t\t\ttransform: scale(var(--zoom));\n\t\t}\n\t\t.yti-about-video-container video::-webkit-media-controls,\n\t\t.yti-about-video-container video::-webkit-media-controls-panel,\n\t\t.yti-about-video-container video::-webkit-media-controls-start-playback-button {\n\t\t\tdisplay: none !important;\n\t\t\t-webkit-appearance: none;\n\t\t}\n\t\t.yti-about-video-container .yti-about-video-poster {\n\t\t\tposition: absolute;\n\t\t\twidth: 100%;\n\t\t\theight: 100%;\n\t\t\tinset: 0;\n\t\t\tbackground-size: contain;\n\t\t\tbackground-position: center;\n\t\t\tbackground-repeat: no-repeat;\n\t\t\tdisplay: none;\n\t\t}\n\t\t@media (max-width: 1024px) {\n\t\t\t.yti-about-video-container {\n\t\t\t\t--zoom: 1;\n\t\t\t\t--ratio: 160.00%;\n\t\t\t}\n\t\t}\n\t<\/style>\n\t<\/div>\n\t\t\t\t\t\t<\/div>\n\t\t\t\t<\/div>\n\t\t\t\t<\/div>\n\t\t<div class=\"elementor-element elementor-element-ea57715 e-con-full e-flex e-con e-child\" data-id=\"ea57715\" data-element_type=\"container\" data-e-type=\"container\">\n\t\t\t\t<div class=\"elementor-element elementor-element-4c0225c elementor-widget elementor-widget-text-editor\" data-id=\"4c0225c\" data-element_type=\"widget\" data-e-type=\"widget\" data-widget_type=\"text-editor.default\">\n\t\t\t\t\t\t\t\t\t<p>A equipe do YouTuneIn \u00e9 formada por pessoas que praticam medita\u00e7\u00e3o h\u00e1 muitos anos e, por isso, conhecemos o impacto que a medita\u00e7\u00e3o pode ter na vida das pessoas. Atrav\u00e9s de uma pr\u00e1tica di\u00e1ria comprometida, nos tornamos a melhor vers\u00e3o de n\u00f3s mesmos. Agora, estamos muito animados para compartilhar essa f\u00f3rmula \u00fanica com o mundo.<\/p>\t\t\t\t\t\t\t\t<\/div>\n\t\t\t\t<div class=\"elementor-element elementor-element-fb9f468 elementor-widget elementor-widget-text-editor\" data-id=\"fb9f468\" data-element_type=\"widget\" data-e-type=\"widget\" data-widget_type=\"text-editor.default\">\n\t\t\t\t\t\t\t\t\t<p>Nosso prop\u00f3sito \u00e9 compartilhar esse poder transformador, oferecendo uma f\u00f3rmula \u00fanica que pode ajudar outros a alcan\u00e7arem o mesmo crescimento pessoal e bem-estar. N\u00f3s imaginamos um futuro em que o YouTuneIn se torne uma empresa l\u00edder na ind\u00fastria de bem-estar, estabelecendo novos padr\u00f5es para a sa\u00fade mental e emocional atrav\u00e9s de t\u00e9cnicas de medita\u00e7\u00e3o inovadoras.<\/p>\t\t\t\t\t\t\t\t<\/div>\n\t\t\t\t<div class=\"elementor-element elementor-element-9a748b3 elementor-widget elementor-widget-text-editor\" data-id=\"9a748b3\" data-element_type=\"widget\" data-e-type=\"widget\" data-widget_type=\"text-editor.default\">\n\t\t\t\t\t\t\t\t\t<p>Estamos orgulhosos em anunciar que conseguimos investidores pr\u00e9-seed que acreditam em nossa vis\u00e3o e est\u00e3o apoiando nossa jornada. Al\u00e9m disso, nossa equipe de produ\u00e7\u00e3o interna garante que cada aspecto do nosso aplicativo seja elaborado com cuidado e expertise, desde as frequ\u00eancias binaurais at\u00e9 a experi\u00eancia do usu\u00e1rio.<br \/>Com essa base s\u00f3lida, o YouTuneIn est\u00e1 pronto para um crescimento significativo e estamos empolgados em embarcar nesta jornada juntos, fazendo um impacto positivo na vida das pessoas ao redor do mundo.<\/p>\t\t\t\t\t\t\t\t<\/div>\n\t\t\t\t<\/div>\n\t\t<div class=\"elementor-element elementor-element-ba5b4c3 e-con-full e-flex e-con e-child\" data-id=\"ba5b4c3\" data-element_type=\"container\" data-e-type=\"container\">\n\t\t\t\t<\/div>\n\t\t\t\t<\/div>\n\t\t<div class=\"elementor-element elementor-element-87c4724 elementor-hidden-mobile e-flex e-con-boxed e-con e-parent\" data-id=\"87c4724\" data-element_type=\"container\" data-e-type=\"container\" data-settings=\"{&quot;background_background&quot;:&quot;classic&quot;}\">\n\t\t\t\t\t<div class=\"e-con-inner\">\n\t\t<div class=\"elementor-element elementor-element-357fcef7 e-con-full e-flex e-con e-child\" data-id=\"357fcef7\" data-element_type=\"container\" data-e-type=\"container\">\n\t\t<div class=\"elementor-element elementor-element-351e51b1 e-con-full e-flex e-con e-child\" data-id=\"351e51b1\" data-element_type=\"container\" data-e-type=\"container\">\n\t\t\t\t<div class=\"elementor-element elementor-element-1f0d43f2 shadow elementor-widget elementor-widget-heading\" data-id=\"1f0d43f2\" data-element_type=\"widget\" data-e-type=\"widget\" data-widget_type=\"heading.default\">\n\t\t\t\t\t<h3 class=\"elementor-heading-title elementor-size-default\">A Voz<\/h3>\t\t\t\t<\/div>\n\t\t\t\t<div class=\"elementor-element elementor-element-4242312e elementor-absolute elementor-widget elementor-widget-heading\" data-id=\"4242312e\" data-element_type=\"widget\" data-e-type=\"widget\" data-settings=\"{&quot;_position&quot;:&quot;absolute&quot;}\" data-widget_type=\"heading.default\">\n\t\t\t\t\t<h3 class=\"elementor-heading-title elementor-size-default\">dentro do App<\/h3>\t\t\t\t<\/div>\n\t\t\t\t<\/div>\n\t\t\t\t<div class=\"elementor-element elementor-element-6f60ddeb elementor-widget elementor-widget-image\" data-id=\"6f60ddeb\" data-element_type=\"widget\" data-e-type=\"widget\" data-widget_type=\"image.default\">\n\t\t\t\t\t\t\t\t\t\t\t\t\t\t\t<img fetchpriority=\"high\" decoding=\"async\" width=\"339\" height=\"568\" src=\"https:\/\/staging.youtunein.com\/wp-content\/uploads\/2025\/07\/Millah.png\" class=\"attachment-full size-full wp-image-558\" alt=\"\" srcset=\"https:\/\/staging.youtunein.com\/wp-content\/uploads\/2025\/07\/Millah.png 339w, https:\/\/staging.youtunein.com\/wp-content\/uploads\/2025\/07\/Millah-179x300.png 179w\" sizes=\"(max-width: 339px) 100vw, 339px\" \/>\t\t\t\t\t\t\t\t\t\t\t\t\t\t\t<\/div>\n\t\t\t\t<\/div>\n\t\t<div class=\"elementor-element elementor-element-4eb65e3e e-con-full e-flex e-con e-child\" data-id=\"4eb65e3e\" data-element_type=\"container\" data-e-type=\"container\">\n\t\t<div class=\"elementor-element elementor-element-1940cd86 e-con-full e-flex e-con e-child\" data-id=\"1940cd86\" data-element_type=\"container\" data-e-type=\"container\">\n\t\t\t\t<div class=\"elementor-element elementor-element-6b44082f shadow elementor-widget elementor-widget-heading\" data-id=\"6b44082f\" data-element_type=\"widget\" data-e-type=\"widget\" data-widget_type=\"heading.default\">\n\t\t\t\t\t<h3 class=\"elementor-heading-title elementor-size-default\">MILLAH<\/h3>\t\t\t\t<\/div>\n\t\t\t\t<div class=\"elementor-element elementor-element-50de68b9 shadow elementor-widget elementor-widget-heading\" data-id=\"50de68b9\" data-element_type=\"widget\" data-e-type=\"widget\" data-widget_type=\"heading.default\">\n\t\t\t\t\t<h3 class=\"elementor-heading-title elementor-size-default\">Founder &amp; CEO<\/h3>\t\t\t\t<\/div>\n\t\t\t\t<\/div>\n\t\t\t\t<div class=\"elementor-element elementor-element-2843b2ea elementor-widget elementor-widget-text-editor\" data-id=\"2843b2ea\" data-element_type=\"widget\" data-e-type=\"widget\" data-widget_type=\"text-editor.default\">\n\t\t\t\t\t\t\t\t\t<p>Milena Barbosa, tamb\u00e9m conhecida como &#8216;Millah&#8217;, \u00e9 a fundadora, CEO e tamb\u00e9m a voz do YouTuneIn. Uma for\u00e7a de energia positiva e uma empreendedora de sucesso com 22 anos de experi\u00eancia em m\u00fasica, cura energ\u00e9tica, produ\u00e7\u00e3o e dire\u00e7\u00e3o de filmes. Infundida com v\u00e1rios ensinamentos filos\u00f3ficos e espirituais, Millah tem a miss\u00e3o de manifestar o alinhamento vibracional individual e mundial, enriquecendo nossa consci\u00eancia coletiva.<\/p>\t\t\t\t\t\t\t\t<\/div>\n\t\t\t\t<\/div>\n\t\t\t\t\t<\/div>\n\t\t\t\t<\/div>\n\t\t<div class=\"elementor-element elementor-element-775f2e0 e-con-full elementor-hidden-desktop elementor-hidden-tablet e-flex e-con e-parent\" data-id=\"775f2e0\" data-element_type=\"container\" data-e-type=\"container\" data-settings=\"{&quot;background_background&quot;:&quot;classic&quot;}\">\n\t\t<div class=\"elementor-element elementor-element-1e6e45c e-con-full e-flex e-con e-child\" data-id=\"1e6e45c\" data-element_type=\"container\" data-e-type=\"container\">\n\t\t\t\t<div class=\"elementor-element elementor-element-7b31422 shadow elementor-widget elementor-widget-heading\" data-id=\"7b31422\" data-element_type=\"widget\" data-e-type=\"widget\" data-widget_type=\"heading.default\">\n\t\t\t\t\t<h3 class=\"elementor-heading-title elementor-size-default\">A Voz<\/h3>\t\t\t\t<\/div>\n\t\t\t\t<div class=\"elementor-element elementor-element-a7b8678 elementor-widget elementor-widget-heading\" data-id=\"a7b8678\" data-element_type=\"widget\" data-e-type=\"widget\" data-widget_type=\"heading.default\">\n\t\t\t\t\t<h3 class=\"elementor-heading-title elementor-size-default\">dentro do App\n<\/h3>\t\t\t\t<\/div>\n\t\t\t\t<div class=\"elementor-element elementor-element-062fbbb shadow elementor-widget elementor-widget-heading\" data-id=\"062fbbb\" data-element_type=\"widget\" data-e-type=\"widget\" data-widget_type=\"heading.default\">\n\t\t\t\t\t<h3 class=\"elementor-heading-title elementor-size-default\">MILLAH<\/h3>\t\t\t\t<\/div>\n\t\t\t\t<div class=\"elementor-element elementor-element-6aede79 shadow elementor-widget elementor-widget-heading\" data-id=\"6aede79\" data-element_type=\"widget\" data-e-type=\"widget\" data-widget_type=\"heading.default\">\n\t\t\t\t\t<h3 class=\"elementor-heading-title elementor-size-default\">Founder &amp; CEO<\/h3>\t\t\t\t<\/div>\n\t\t\t\t<div class=\"elementor-element elementor-element-b5a39bb elementor-widget elementor-widget-text-editor\" data-id=\"b5a39bb\" data-element_type=\"widget\" data-e-type=\"widget\" data-widget_type=\"text-editor.default\">\n\t\t\t\t\t\t\t\t\tMilena Barbosa, tamb\u00e9m conhecida como &#8216;Millah&#8217;, \u00e9 a fundadora, CEO e tamb\u00e9m a voz do YouTuneIn. Uma for\u00e7a de energia positiva e uma empreendedora de sucesso com 21 anos de experi\u00eancia em m\u00fasica, cura energ\u00e9tica, produ\u00e7\u00e3o e dire\u00e7\u00e3o de filmes.\t\t\t\t\t\t\t\t<\/div>\n\t\t\t\t<\/div>\n\t\t<div class=\"elementor-element elementor-element-3aeed1c e-con-full e-flex e-con e-child\" data-id=\"3aeed1c\" data-element_type=\"container\" data-e-type=\"container\">\n\t\t\t\t<div class=\"elementor-element elementor-element-8b30500 elementor-widget elementor-widget-image\" data-id=\"8b30500\" data-element_type=\"widget\" data-e-type=\"widget\" data-widget_type=\"image.default\">\n\t\t\t\t\t\t\t\t\t\t\t\t\t\t\t<img decoding=\"async\" width=\"212\" height=\"343\" src=\"https:\/\/staging.youtunein.com\/wp-content\/uploads\/2025\/08\/Millah.png\" class=\"attachment-full size-full wp-image-1246\" alt=\"\" srcset=\"https:\/\/staging.youtunein.com\/wp-content\/uploads\/2025\/08\/Millah.png 212w, https:\/\/staging.youtunein.com\/wp-content\/uploads\/2025\/08\/Millah-185x300.png 185w\" sizes=\"(max-width: 212px) 100vw, 212px\" \/>\t\t\t\t\t\t\t\t\t\t\t\t\t\t\t<\/div>\n\t\t\t\t<\/div>\n\t\t<div class=\"elementor-element elementor-element-2b000f3 e-con-full e-flex e-con e-child\" data-id=\"2b000f3\" data-element_type=\"container\" data-e-type=\"container\">\n\t\t\t\t<div class=\"elementor-element elementor-element-c5ca0ec elementor-widget elementor-widget-text-editor\" data-id=\"c5ca0ec\" data-element_type=\"widget\" data-e-type=\"widget\" data-widget_type=\"text-editor.default\">\n\t\t\t\t\t\t\t\t\t<p>Infundida com v\u00e1rios ensinamentos filos\u00f3ficos e espirituais, Millah tem a miss\u00e3o de manifestar o alinhamento vibracional individual e mundial, enriquecendo nossa consci\u00eancia coletiva.<\/p>\t\t\t\t\t\t\t\t<\/div>\n\t\t\t\t<\/div>\n\t\t\t\t<\/div>\n\t\t\t\t<\/div>\n\t\t","protected":false},"excerpt":{"rendered":"<p>Sobre N\u00f3s Nossa miss\u00e3o \u00e9 contribuir com o coletivo, elevando a vibra\u00e7\u00e3o e frequ\u00eancia global. Quanto mais sintonizadas as pessoas estiverem, melhor ser\u00e1 o nosso mundo Estamos comprometidos em ajud\u00e1-lo nesta bela jornada do despertar. Pense em uma conversa di\u00e1ria com um amigo que o elevar\u00e1, n\u00e3o importa o que aconte\u00e7a, ajudando voc\u00ea a alinhar [&hellip;]<\/p>\n","protected":false},"author":1,"featured_media":7568,"parent":0,"menu_order":0,"comment_status":"closed","ping_status":"closed","template":"","meta":{"footnotes":""},"class_list":["post-662","page","type-page","status-publish","has-post-thumbnail","hentry"],"_links":{"self":[{"href":"https:\/\/staging.youtunein.com\/pt-br\/wp-json\/wp\/v2\/pages\/662","targetHints":{"allow":["GET"]}}],"collection":[{"href":"https:\/\/staging.youtunein.com\/pt-br\/wp-json\/wp\/v2\/pages"}],"about":[{"href":"https:\/\/staging.youtunein.com\/pt-br\/wp-json\/wp\/v2\/types\/page"}],"author":[{"embeddable":true,"href":"https:\/\/staging.youtunein.com\/pt-br\/wp-json\/wp\/v2\/users\/1"}],"replies":[{"embeddable":true,"href":"https:\/\/staging.youtunein.com\/pt-br\/wp-json\/wp\/v2\/comments?post=662"}],"version-history":[{"count":93,"href":"https:\/\/staging.youtunein.com\/pt-br\/wp-json\/wp\/v2\/pages\/662\/revisions"}],"predecessor-version":[{"id":7433,"href":"https:\/\/staging.youtunein.com\/pt-br\/wp-json\/wp\/v2\/pages\/662\/revisions\/7433"}],"wp:featuredmedia":[{"embeddable":true,"href":"https:\/\/staging.youtunein.com\/pt-br\/wp-json\/wp\/v2\/media\/7568"}],"wp:attachment":[{"href":"https:\/\/staging.youtunein.com\/pt-br\/wp-json\/wp\/v2\/media?parent=662"}],"curies":[{"name":"wp","href":"https:\/\/api.w.org\/{rel}","templated":true}]}}