{"id":663,"date":"2025-07-25T21:25:04","date_gmt":"2025-07-26T00:25:04","guid":{"rendered":"https:\/\/staging.youtunein.com\/free-download\/"},"modified":"2026-03-25T09:28:32","modified_gmt":"2026-03-25T12:28:32","slug":"free-download","status":"publish","type":"page","link":"https:\/\/staging.youtunein.com\/pt-br\/free-download\/","title":{"rendered":"Download Gratuito"},"content":{"rendered":"\t\t<div data-elementor-type=\"wp-page\" data-elementor-id=\"663\" class=\"elementor elementor-663 elementor-38\" data-elementor-post-type=\"page\">\n\t\t\t\t<div class=\"elementor-element elementor-element-d44c8db e-flex e-con-boxed e-con e-parent\" data-id=\"d44c8db\" data-element_type=\"container\" data-e-type=\"container\" data-settings=\"{&quot;background_background&quot;:&quot;classic&quot;}\">\n\t\t\t\t\t<div class=\"e-con-inner\">\n\t\t<div class=\"elementor-element elementor-element-a31b886 e-con-full e-flex e-con e-child\" data-id=\"a31b886\" data-element_type=\"container\" data-e-type=\"container\">\n\t\t\t\t<div class=\"elementor-element elementor-element-db6f5fe shadow elementor-widget elementor-widget-heading\" data-id=\"db6f5fe\" data-element_type=\"widget\" data-e-type=\"widget\" data-widget_type=\"heading.default\">\n\t\t\t\t\t<p class=\"elementor-heading-title elementor-size-default\">MEDITA\u00c7\u00c3O GUIADA<\/p>\t\t\t\t<\/div>\n\t\t\t\t<div class=\"elementor-element elementor-element-2244e9d shadow elementor-widget elementor-widget-heading\" data-id=\"2244e9d\" data-element_type=\"widget\" data-e-type=\"widget\" data-widget_type=\"heading.default\">\n\t\t\t\t\t<p class=\"elementor-heading-title elementor-size-default\">GRATUITA<\/p>\t\t\t\t<\/div>\n\t\t\t\t<div class=\"elementor-element elementor-element-8402988 elementor-widget elementor-widget-image\" data-id=\"8402988\" data-element_type=\"widget\" data-e-type=\"widget\" data-widget_type=\"image.default\">\n\t\t\t\t\t\t\t\t\t\t\t\t\t\t\t<img decoding=\"async\" width=\"84\" height=\"40\" src=\"https:\/\/staging.youtunein.com\/wp-content\/uploads\/2026\/03\/signal-icon-1-1-1.png\" class=\"attachment-full size-full wp-image-8166\" alt=\"\" \/>\t\t\t\t\t\t\t\t\t\t\t\t\t\t\t<\/div>\n\t\t\t\t<div class=\"elementor-element elementor-element-ee79151 elementor-widget__width-initial elementor-widget elementor-widget-heading\" data-id=\"ee79151\" data-element_type=\"widget\" data-e-type=\"widget\" data-widget_type=\"heading.default\">\n\t\t\t\t\t<p class=\"elementor-heading-title elementor-size-default\">Receba totalmente <b>GR\u00c1TIS 15<\/b> minutos desta poderosa m\u00fasica meditativa com <b>Frequ\u00eancias Binaurais e 528Hz<\/b> - A frequ\u00eancia do <b>AMOR<\/b>.<\/p>\t\t\t\t<\/div>\n\t\t<div class=\"elementor-element elementor-element-a703a58 e-con-full elementor-hidden-mobile e-flex e-con e-child\" data-id=\"a703a58\" data-element_type=\"container\" data-e-type=\"container\">\n\t\t<div class=\"elementor-element elementor-element-163d26c e-con-full elementor-hidden-mobile e-flex e-con e-child\" data-id=\"163d26c\" data-element_type=\"container\" data-e-type=\"container\">\n\t\t<div class=\"elementor-element elementor-element-bf0ad31 e-con-full e-flex e-con e-child\" data-id=\"bf0ad31\" data-element_type=\"container\" data-e-type=\"container\">\n\t\t\t\t<div class=\"elementor-element elementor-element-c325d1c elementor-widget elementor-widget-text-editor\" data-id=\"c325d1c\" data-element_type=\"widget\" data-e-type=\"widget\" data-widget_type=\"text-editor.default\">\n\t\t\t\t\t\t\t\t\t<p>Vamos elevar a vibra\u00e7\u00e3o do nosso planeta juntos!<\/p>\t\t\t\t\t\t\t\t<\/div>\n\t\t\t\t<div class=\"elementor-element elementor-element-6d470ed elementor-widget__width-initial elementor-widget elementor-widget-text-editor\" data-id=\"6d470ed\" data-element_type=\"widget\" data-e-type=\"widget\" data-widget_type=\"text-editor.default\">\n\t\t\t\t\t\t\t\t\t<p>Encontre uma profunda consci\u00eancia da sua exist\u00eancia neste momento presente, facilitando a conex\u00e3o com seu Eu Superior.<br \/>Esta medita\u00e7\u00e3o o conecta ao poder desconhecido da M\u00e3e Terra, o amor incondicional.<\/p>\t\t\t\t\t\t\t\t<\/div>\n\t\t\t\t<div class=\"elementor-element elementor-element-6991088 elementor-widget__width-initial shadow elementor-widget elementor-widget-text-editor\" data-id=\"6991088\" data-element_type=\"widget\" data-e-type=\"widget\" data-widget_type=\"text-editor.default\">\n\t\t\t\t\t\t\t\t\t<p>Sintonize-se com essa energia.<br \/><strong>Atraia amor e abund\u00e2ncia para sua vida.<\/strong><\/p>\t\t\t\t\t\t\t\t<\/div>\n\t\t\t\t<\/div>\n\t\t\t\t<\/div>\n\t\t<div class=\"elementor-element elementor-element-50b12fa e-con-full ctnformulaa e-flex e-con e-child\" data-id=\"50b12fa\" data-element_type=\"container\" data-e-type=\"container\" data-settings=\"{&quot;background_background&quot;:&quot;classic&quot;}\">\n\t\t\t\t<div class=\"elementor-element elementor-element-3ddf5d0 elementor-widget elementor-widget-shortcode\" data-id=\"3ddf5d0\" data-element_type=\"widget\" data-e-type=\"widget\" data-widget_type=\"shortcode.default\">\n\t\t\t\t\t\t\t<div class=\"elementor-shortcode\">    \n    <form class=\"ytism-free-download-form\">\n\n        <input type=\"hidden\" id=\"nonce\" name=\"nonce\" value=\"654e1791bb\" \/><input type=\"hidden\" name=\"_wp_http_referer\" value=\"\/pt-br\/wp-json\/wp\/v2\/pages\/663\" \/>        <input type=\"hidden\" name=\"action\" value=\"ytism_free_download\">\n        <input type=\"hidden\" name=\"sourceLang\" value=\"pt-br\">\n\n        <div class=\"ytism-grid\">\n\n            <label for=\"ytism-name\">Nome<span class=\"ytism-required\">*:<\/span><\/label>\n            <input type=\"text\" id=\"ytism-name\" name=\"name\" required>\n\n            <label for=\"ytism-email\">Email<span class=\"ytism-required\">*:<\/span><\/label>\n            <input type=\"email\" id=\"ytism-email\" name=\"email\" required>\n\n            <label for=\"ytism-gender\">G\u00eanero:<\/label>\n            <select id=\"ytism-gender\" name=\"gender\" required>\n                <option value=\"\"><\/option>\n                <option value=\"Male\">Masculino<\/option>\n                <option value=\"Female\">Feminino<\/option>\n            <\/select>\n\n            <label for=\"ytism-age\">Idade:<\/label>\n            <div class=\"ytism-age-wrap\">\n                <input type=\"number\" id=\"ytism-age\" name=\"age\" min=\"0\">\n                <span class=\"ytism-age-error\"><\/span>\n            <\/div>\n\n            <label for=\"ytism-region\">Regi\u00e3o<span class=\"ytism-required\">*:<\/span><\/label>\n            <input type=\"text\" id=\"ytism-region\" name=\"region\" required>\n\n\n            <fieldset>\n                <legend>Voc\u00ea j\u00e1 meditou antes?<\/legend>\n\n                <label for=\"ytism-meditated-yes\">\n                    <input type=\"radio\" id=\"ytism-meditated-yes\" name=\"hasMeditatedBefore\" value=\"1\">\n                    Sim                <\/label>\n\n                <label for=\"ytism-meditated-no\">\n                    <input type=\"radio\" id=\"ytism-meditated-no\" name=\"hasMeditatedBefore\" value=\"0\">\n                    N\u00e3o                <\/label>\n            <\/fieldset>\n\n            <button type=\"submit\">Download Gratuito<\/button>\n\n        <\/div>\n    <\/form>\n\n    <div class=\"ytism-message\"><\/div>\n\n\n    <\/div>\n\t\t\t\t\t\t<\/div>\n\t\t\t\t<\/div>\n\t\t\t\t<\/div>\n\t\t<div class=\"elementor-element elementor-element-05476fb e-con-full elementor-hidden-desktop elementor-hidden-tablet e-flex e-con e-child\" data-id=\"05476fb\" data-element_type=\"container\" data-e-type=\"container\">\n\t\t<div class=\"elementor-element elementor-element-fce3e64 e-con-full ctnformulaa e-flex e-con e-child\" data-id=\"fce3e64\" data-element_type=\"container\" data-e-type=\"container\" data-settings=\"{&quot;background_background&quot;:&quot;classic&quot;}\">\n\t\t\t\t<div class=\"elementor-element elementor-element-92902cb elementor-widget elementor-widget-shortcode\" data-id=\"92902cb\" data-element_type=\"widget\" data-e-type=\"widget\" data-widget_type=\"shortcode.default\">\n\t\t\t\t\t\t\t<div class=\"elementor-shortcode\">    \n    <form class=\"ytism-free-download-form\">\n\n        <input type=\"hidden\" id=\"nonce\" name=\"nonce\" value=\"654e1791bb\" \/><input type=\"hidden\" name=\"_wp_http_referer\" value=\"\/pt-br\/wp-json\/wp\/v2\/pages\/663\" \/>        <input type=\"hidden\" name=\"action\" value=\"ytism_free_download\">\n        <input type=\"hidden\" name=\"sourceLang\" value=\"pt-br\">\n\n        <div class=\"ytism-grid\">\n\n            <label for=\"ytism-name\">Nome<span class=\"ytism-required\">*:<\/span><\/label>\n            <input type=\"text\" id=\"ytism-name\" name=\"name\" required>\n\n            <label for=\"ytism-email\">Email<span class=\"ytism-required\">*:<\/span><\/label>\n            <input type=\"email\" id=\"ytism-email\" name=\"email\" required>\n\n            <label for=\"ytism-gender\">G\u00eanero:<\/label>\n            <select id=\"ytism-gender\" name=\"gender\" required>\n                <option value=\"\"><\/option>\n                <option value=\"Male\">Masculino<\/option>\n                <option value=\"Female\">Feminino<\/option>\n            <\/select>\n\n            <label for=\"ytism-age\">Idade:<\/label>\n            <div class=\"ytism-age-wrap\">\n                <input type=\"number\" id=\"ytism-age\" name=\"age\" min=\"0\">\n                <span class=\"ytism-age-error\"><\/span>\n            <\/div>\n\n            <label for=\"ytism-region\">Regi\u00e3o<span class=\"ytism-required\">*:<\/span><\/label>\n            <input type=\"text\" id=\"ytism-region\" name=\"region\" required>\n\n\n            <fieldset>\n                <legend>Voc\u00ea j\u00e1 meditou antes?<\/legend>\n\n                <label for=\"ytism-meditated-yes\">\n                    <input type=\"radio\" id=\"ytism-meditated-yes\" name=\"hasMeditatedBefore\" value=\"1\">\n                    Sim                <\/label>\n\n                <label for=\"ytism-meditated-no\">\n                    <input type=\"radio\" id=\"ytism-meditated-no\" name=\"hasMeditatedBefore\" value=\"0\">\n                    N\u00e3o                <\/label>\n            <\/fieldset>\n\n            <button type=\"submit\">Download Gratuito<\/button>\n\n        <\/div>\n    <\/form>\n\n    <div class=\"ytism-message\"><\/div>\n\n\n    <\/div>\n\t\t\t\t\t\t<\/div>\n\t\t\t\t<\/div>\n\t\t<div class=\"elementor-element elementor-element-5ab6ed8 e-con-full e-flex e-con e-child\" data-id=\"5ab6ed8\" data-element_type=\"container\" data-e-type=\"container\">\n\t\t<div class=\"elementor-element elementor-element-7d26eea e-con-full e-flex e-con e-child\" data-id=\"7d26eea\" data-element_type=\"container\" data-e-type=\"container\">\n\t\t\t\t<div class=\"elementor-element elementor-element-d6fec2a elementor-widget-mobile__width-inherit elementor-widget elementor-widget-text-editor\" data-id=\"d6fec2a\" data-element_type=\"widget\" data-e-type=\"widget\" data-widget_type=\"text-editor.default\">\n\t\t\t\t\t\t\t\t\t<p>Vamos elevar a vibra\u00e7\u00e3o do nosso planeta juntos!<\/p>\t\t\t\t\t\t\t\t<\/div>\n\t\t\t\t<div class=\"elementor-element elementor-element-da614cf elementor-widget__width-initial elementor-widget-mobile__width-inherit elementor-widget elementor-widget-text-editor\" data-id=\"da614cf\" data-element_type=\"widget\" data-e-type=\"widget\" data-widget_type=\"text-editor.default\">\n\t\t\t\t\t\t\t\t\t<p>Encontre uma profunda consci\u00eancia da sua exist\u00eancia neste momento presente, facilitando a conex\u00e3o com seu Eu Superior.<br \/>Esta medita\u00e7\u00e3o o conecta ao poder desconhecido da M\u00e3e Terra, o amor incondicional.<\/p>\t\t\t\t\t\t\t\t<\/div>\n\t\t\t\t<div class=\"elementor-element elementor-element-5fbe90a elementor-widget__width-initial shadow elementor-widget-mobile__width-inherit elementor-widget elementor-widget-text-editor\" data-id=\"5fbe90a\" data-element_type=\"widget\" data-e-type=\"widget\" data-widget_type=\"text-editor.default\">\n\t\t\t\t\t\t\t\t\t<p>Sintonize-se com essa energia.<br \/><strong>Atraia amor e abund\u00e2ncia para sua vida.<\/strong><\/p>\t\t\t\t\t\t\t\t<\/div>\n\t\t\t\t<\/div>\n\t\t\t\t<\/div>\n\t\t\t\t<\/div>\n\t\t\t\t<\/div>\n\t\t\t\t\t<\/div>\n\t\t\t\t<\/div>\n\t\t\t\t<\/div>\n\t\t","protected":false},"excerpt":{"rendered":"<p>MEDITA\u00c7\u00c3O GUIADA GRATUITA Receba totalmente GR\u00c1TIS 15 minutos desta poderosa m\u00fasica meditativa com Frequ\u00eancias Binaurais e 528Hz &#8211; A frequ\u00eancia do AMOR. Vamos elevar a vibra\u00e7\u00e3o do nosso planeta juntos! Encontre uma profunda consci\u00eancia da sua exist\u00eancia neste momento presente, facilitando a conex\u00e3o com seu Eu Superior.Esta medita\u00e7\u00e3o o conecta ao poder desconhecido da M\u00e3e [&hellip;]<\/p>\n","protected":false},"author":1,"featured_media":7568,"parent":0,"menu_order":0,"comment_status":"closed","ping_status":"closed","template":"","meta":{"footnotes":""},"class_list":["post-663","page","type-page","status-publish","has-post-thumbnail","hentry"],"_links":{"self":[{"href":"https:\/\/staging.youtunein.com\/pt-br\/wp-json\/wp\/v2\/pages\/663","targetHints":{"allow":["GET"]}}],"collection":[{"href":"https:\/\/staging.youtunein.com\/pt-br\/wp-json\/wp\/v2\/pages"}],"about":[{"href":"https:\/\/staging.youtunein.com\/pt-br\/wp-json\/wp\/v2\/types\/page"}],"author":[{"embeddable":true,"href":"https:\/\/staging.youtunein.com\/pt-br\/wp-json\/wp\/v2\/users\/1"}],"replies":[{"embeddable":true,"href":"https:\/\/staging.youtunein.com\/pt-br\/wp-json\/wp\/v2\/comments?post=663"}],"version-history":[{"count":108,"href":"https:\/\/staging.youtunein.com\/pt-br\/wp-json\/wp\/v2\/pages\/663\/revisions"}],"predecessor-version":[{"id":8236,"href":"https:\/\/staging.youtunein.com\/pt-br\/wp-json\/wp\/v2\/pages\/663\/revisions\/8236"}],"wp:featuredmedia":[{"embeddable":true,"href":"https:\/\/staging.youtunein.com\/pt-br\/wp-json\/wp\/v2\/media\/7568"}],"wp:attachment":[{"href":"https:\/\/staging.youtunein.com\/pt-br\/wp-json\/wp\/v2\/media?parent=663"}],"curies":[{"name":"wp","href":"https:\/\/api.w.org\/{rel}","templated":true}]}}