{"id":7078,"date":"2025-11-11T11:07:51","date_gmt":"2025-11-11T14:07:51","guid":{"rendered":"https:\/\/staging.youtunein.com\/individual-purchase\/"},"modified":"2026-02-25T12:13:37","modified_gmt":"2026-02-25T15:13:37","slug":"purchase-individual-plan","status":"publish","type":"page","link":"https:\/\/staging.youtunein.com\/pt-br\/purchase-individual-plan\/","title":{"rendered":"Compra Individual"},"content":{"rendered":"\t\t<div data-elementor-type=\"wp-page\" data-elementor-id=\"7078\" class=\"elementor elementor-7078 elementor-6989\" data-elementor-post-type=\"page\">\n\t\t\t\t<div class=\"elementor-element elementor-element-661ce6e2 e-con-full e-flex e-con e-parent\" data-id=\"661ce6e2\" data-element_type=\"container\" data-e-type=\"container\" data-settings=\"{&quot;background_background&quot;:&quot;classic&quot;}\">\n\t\t\t\t<div class=\"elementor-element elementor-element-623ff79 elementor-widget elementor-widget-shortcode\" data-id=\"623ff79\" data-element_type=\"widget\" data-e-type=\"widget\" data-widget_type=\"shortcode.default\">\n\t\t\t\t\t\t\t<div class=\"elementor-shortcode\"><div class=\"ytism-plan-container ytism-individual-plan\">\n\t<div class=\"ytism-plan-row\">\n\t\t\t\t\t<div class=\"ytism-plan-banner\">\n\t\t\t\t<div class=\"ytism-plan-banner-inner\">\n\t\t\t\t\t<div class=\"ytism-plan-banner-image-wrap\">\n\t\t\t\t\t\t<img \n\t\t\t\t\t\t\tsrc=\"https:\/\/youtunein.com\/wp-content\/uploads\/2026\/02\/Rectangle-39999.png\" \n\t\t\t\t\t\t\talt=\"Comprovado pela Neuroci\u00eancia\"\n\t\t\t\t\t\t\tclass=\"ytism-plan-banner-image\"\n\t\t\t\t\t\t>\n\t\t\t\t\t\t<div class=\"ytism-plan-banner-image-content\">\n\t\t\t\t\t\t\t<h2 class=\"ytism-plan-banner-heading\">\n\t\t\t\t\t\t\t\t<span class=\"ytism-plan-banner-heading-top\">\n\t\t\t\t\t\t\t\t\tComprovado pela\t\t\t\t\t\t\t\t<\/span>\n\t\t\t\t\t\t\t\t<span class=\"ytism-plan-banner-heading-bottom\">\n\t\t\t\t\t\t\t\t\tNeuroci\u00eancia\t\t\t\t\t\t\t\t<\/span>\n\t\t\t\t\t\t\t<\/h2>\n\t\t\t\t\t\t\t<p class=\"ytism-plan-banner-text\">\n                                Use durante o trabalho, para relaxar ou                                <span class=\"mobile-break\"><\/span>\n                                para dormir                            <\/p>\n\t\t\t\t\t\t<\/div>\n\t\t\t\t\t<\/div>\n\n\t\t\t\t\t<h2 class=\"ytism-plan-banner-subheading\">\n\t\t\t\t\t\t<span class=\"ytism-plan-banner-subheading-top\">\n\t\t\t\t\t\t\t10 minutos por dia\t\t\t\t\t\t<\/span>\n\t\t\t\t\t\t<span class=\"ytism-plan-banner-subheading-bottom\">\n\t\t\t\t\t\t\ts\u00e3o suficientes para ver resultados\t\t\t\t\t\t<\/span>\n\t\t\t\t\t<\/h2>\n\n\t\t\t\t\t<div class=\"ytism-stats-wrapper\">\n\n\t\t\t\t\t\t<div class=\"ytism-stats-vertical\">\n\n\t\t\t\t\t\t<div class=\"ytism-stats-line\"><\/div>\n\n\t\t\t\t\t\t<div class=\"ytism-stats-item ytism-stats-item-1\">\n\t\t\t\t\t\t\t<span class=\"ytism-stats-dot\"><\/span>\n\t\t\t\t\t\t\t<div class=\"ytism-stats-content\">\n\t\t\t\t\t\t\t\t<div class=\"ytism-stats-percent\">\n\t\t\t\t\t\t\t\t\t70%\t\t\t\t\t\t\t\t<\/div>\n\t\t\t\t\t\t\t\t<p class=\"ytism-stats-text\">\n\t\t\t\t\t\t\t\t\tdos usu\u00e1rios se sentem mais\t\t\t\t\t\t\t\t\t<span class=\"mobile-break\"><\/span>\n\t\t\t\t\t\t\t\t\tcalmos na\t\t\t\t\t\t\t\t\t<strong>primeira semana<\/strong>\n\t\t\t\t\t\t\t\t<\/p>\n\t\t\t\t\t\t\t<\/div>\n\t\t\t\t\t\t<\/div>\n\n\t\t\t\t\t\t<div class=\"ytism-stats-item ytism-stats-item-2\">\n\t\t\t\t\t\t\t<span class=\"ytism-stats-dot\"><\/span>\n\t\t\t\t\t\t\t<div class=\"ytism-stats-content\">\n\t\t\t\t\t\t\t\t<div class=\"ytism-stats-percent\">\n\t\t\t\t\t\t\t\t\t75%\t\t\t\t\t\t\t\t<\/div>\n\t\t\t\t\t\t\t\t<p class=\"ytism-stats-text\">\n\t\t\t\t\t\t\t\t\tdos usu\u00e1rios dormem melhor ap\u00f3s\t\t\t\t\t\t\t\t\t<span class=\"mobile-break\"><\/span>\n\t\t\t\t\t\t\t\t\t<strong>10 dias<\/strong>\n\t\t\t\t\t\t\t\t<\/p>\n\t\t\t\t\t\t\t<\/div>\n\t\t\t\t\t\t<\/div>\n\n\t\t\t\t\t\t<div class=\"ytism-stats-item ytism-stats-item-3\">\n\t\t\t\t\t\t\t<span class=\"ytism-stats-dot\"><\/span>\n\t\t\t\t\t\t\t<div class=\"ytism-stats-content\">\n\t\t\t\t\t\t\t\t<div class=\"ytism-stats-percent\">\n\t\t\t\t\t\t\t\t\t90%\t\t\t\t\t\t\t\t<\/div>\n\t\t\t\t\t\t\t\t<p class=\"ytism-stats-text\">\n\t\t\t\t\t\t\t\t\tdos usu\u00e1rios sentem-se menos estressados e mais positivos\t\t\t\t\t\t\t\t\t<strong>dentro de um m\u00eas<\/strong>\n\t\t\t\t\t\t\t\t\tde uso constante\t\t\t\t\t\t\t\t<\/p>\n\t\t\t\t\t\t\t<\/div>\n\t\t\t\t\t\t<\/div>\n\t\t\t\t\t\t<\/div>\n\t\t\t\t\t<\/div>\n\n\t\t\t\t<\/div>\n\t\t\t<\/div>\n\n\t\t\t<div class=\"ytism-plan-info\">\n\t\t\t\t<div class=\"ytism-plan-info-trial-note\">\n\t\t\t\t\t<p class=\"ytism-plan-info-trial-title\">\n\t\t\t\t\t\tSem cobran\u00e7as hoje.\t\t\t\t\t<\/p>\n\t\t\t\t\t<p class=\"ytism-plan-info-trial-subtitle\">\n\t\t\t\t\t\tCancele a qualquer momento dentro dos 7 dias gratuitos.\t\t\t\t\t<\/p>\n\t\t\t\t<\/div>\n\n\t\t\t\t\t\t\t\t\t<div class=\"ytism-product-container\" data-plan=\"individual\">\n\t\t\t\t\t\t<div class=\"ytism-product-options\">\n\t\t\t\t\t\t\t<div class=\"ytism-price-selector\">\n\t\t\t\t\t\t\t\t\t\t\t\t\t\t\t\t\t<div class=\"ytism-price-option ytism-price-option-checked\" data-price-id=\"price_1Sa6npGlQNdqyaU1lwdAwFc1\" style=\"\">\n\t\t\t\t\t\t\t\t\t\t<label for=\"price-price_1Sa6npGlQNdqyaU1lwdAwFc1\">\n\t\t\t\t\t\t\t\t\t\t\t<input type=\"radio\" name=\"ytism_price_id\"\n\t\t\t\t\t\t\t\t\t\t\t\tid=\"price-price_1Sa6npGlQNdqyaU1lwdAwFc1\"\n\t\t\t\t\t\t\t\t\t\t\t\tvalue=\"price_1Sa6npGlQNdqyaU1lwdAwFc1\"\n\t\t\t\t\t\t\t\t\t\t\t\tdata-price-object=\"{&quot;id&quot;:&quot;price_1Sa6npGlQNdqyaU1lwdAwFc1&quot;,&quot;object&quot;:&quot;price&quot;,&quot;active&quot;:true,&quot;billing_scheme&quot;:&quot;per_unit&quot;,&quot;created&quot;:1764732749,&quot;currency&quot;:&quot;usd&quot;,&quot;currency_options&quot;:{&quot;brl&quot;:{&quot;custom_unit_amount&quot;:null,&quot;tax_behavior&quot;:&quot;unspecified&quot;,&quot;unit_amount&quot;:19790,&quot;unit_amount_decimal&quot;:&quot;19790&quot;},&quot;inr&quot;:{&quot;custom_unit_amount&quot;:null,&quot;tax_behavior&quot;:&quot;unspecified&quot;,&quot;unit_amount&quot;:349900,&quot;unit_amount_decimal&quot;:&quot;349900&quot;},&quot;usd&quot;:{&quot;custom_unit_amount&quot;:null,&quot;tax_behavior&quot;:&quot;unspecified&quot;,&quot;unit_amount&quot;:8799,&quot;unit_amount_decimal&quot;:&quot;8799&quot;}},&quot;custom_unit_amount&quot;:null,&quot;livemode&quot;:true,&quot;lookup_key&quot;:null,&quot;metadata&quot;:[],&quot;nickname&quot;:&quot;Annually&quot;,&quot;product&quot;:&quot;prod_TP8dFIYnXRCODD&quot;,&quot;recurring&quot;:{&quot;interval&quot;:&quot;year&quot;,&quot;interval_count&quot;:1,&quot;meter&quot;:null,&quot;trial_period_days&quot;:null,&quot;usage_type&quot;:&quot;licensed&quot;},&quot;tax_behavior&quot;:&quot;unspecified&quot;,&quot;tiers_mode&quot;:null,&quot;transform_quantity&quot;:null,&quot;type&quot;:&quot;recurring&quot;,&quot;unit_amount&quot;:8799,&quot;unit_amount_decimal&quot;:&quot;8799&quot;}\"\n\t\t\t\t\t\t\t\t\t\t\t\tchecked\t\t\t\t\t\t\t\t\t\t\t\/>\n\t\t\t\t\t\t\t\t\t\t\t<span class=\"price-name\">Anual<\/span>\n\t\t\t\t\t\t\t\t\t\t<\/label>\n\t\t\t\t\t\t\t\t\t<\/div>\n\t\t\t\t\t\t\t\t\t\t\t\t\t\t\t\t\t\t<div class=\"ytism-price-option \" data-price-id=\"price_1SSKLkGlQNdqyaU1NaYONjsL\" style=\"\">\n\t\t\t\t\t\t\t\t\t\t<label for=\"price-price_1SSKLkGlQNdqyaU1NaYONjsL\">\n\t\t\t\t\t\t\t\t\t\t\t<input type=\"radio\" name=\"ytism_price_id\"\n\t\t\t\t\t\t\t\t\t\t\t\tid=\"price-price_1SSKLkGlQNdqyaU1NaYONjsL\"\n\t\t\t\t\t\t\t\t\t\t\t\tvalue=\"price_1SSKLkGlQNdqyaU1NaYONjsL\"\n\t\t\t\t\t\t\t\t\t\t\t\tdata-price-object=\"{&quot;id&quot;:&quot;price_1SSKLkGlQNdqyaU1NaYONjsL&quot;,&quot;object&quot;:&quot;price&quot;,&quot;active&quot;:true,&quot;billing_scheme&quot;:&quot;per_unit&quot;,&quot;created&quot;:1762878200,&quot;currency&quot;:&quot;usd&quot;,&quot;currency_options&quot;:{&quot;brl&quot;:{&quot;custom_unit_amount&quot;:null,&quot;tax_behavior&quot;:&quot;unspecified&quot;,&quot;unit_amount&quot;:3290,&quot;unit_amount_decimal&quot;:&quot;3290&quot;},&quot;inr&quot;:{&quot;custom_unit_amount&quot;:null,&quot;tax_behavior&quot;:&quot;unspecified&quot;,&quot;unit_amount&quot;:79900,&quot;unit_amount_decimal&quot;:&quot;79900&quot;},&quot;usd&quot;:{&quot;custom_unit_amount&quot;:null,&quot;tax_behavior&quot;:&quot;unspecified&quot;,&quot;unit_amount&quot;:1599,&quot;unit_amount_decimal&quot;:&quot;1599&quot;}},&quot;custom_unit_amount&quot;:null,&quot;livemode&quot;:true,&quot;lookup_key&quot;:null,&quot;metadata&quot;:[],&quot;nickname&quot;:&quot;Monthly&quot;,&quot;product&quot;:&quot;prod_TP8dFIYnXRCODD&quot;,&quot;recurring&quot;:{&quot;interval&quot;:&quot;month&quot;,&quot;interval_count&quot;:1,&quot;meter&quot;:null,&quot;trial_period_days&quot;:null,&quot;usage_type&quot;:&quot;licensed&quot;},&quot;tax_behavior&quot;:&quot;unspecified&quot;,&quot;tiers_mode&quot;:null,&quot;transform_quantity&quot;:null,&quot;type&quot;:&quot;recurring&quot;,&quot;unit_amount&quot;:1599,&quot;unit_amount_decimal&quot;:&quot;1599&quot;}\"\n\t\t\t\t\t\t\t\t\t\t\t\t\t\t\t\t\t\t\t\t\t\t\t\/>\n\t\t\t\t\t\t\t\t\t\t\t<span class=\"price-name\">Mensal<\/span>\n\t\t\t\t\t\t\t\t\t\t<\/label>\n\t\t\t\t\t\t\t\t\t<\/div>\n\t\t\t\t\t\t\t\t\t\t\t\t\t\t\t\t<\/div>\n\n\t\t\t\t\t\t\t<div class=\"ytism-currency-selector\">\n\t\t\t\t\t\t\t\t<input type=\"hidden\" id=\"initial-currency\" name=\"ytism_currency\" value=\"usd\" \/>\n\t\t\t\t\t\t\t<\/div>\n\t\t\t\t\t\t<\/div>\n\n\t\t\t\t\t\t<div class=\"ytism-price-summary\" >\n\t\t\t\t\t\t\t <img decoding=\"async\" src=\"https:\/\/youtunein.com\/wp-content\/uploads\/2026\/02\/Group-1000005624.png\"\n\t\t\t\t\t\t\t\talt=\"\"\n\t\t\t\t\t\t\t\tclass=\"ytism-price-badge\">\n\t\t\t\t\t\t\t<div class=\"ytism-calculated-price\">\n\t\t\t\t\t\t\t\t<div class=\"ytism-calculated-response\">\n\t\t\t\t\t\t\t\t\t<div class=\"ytism-price-subtotal\">\n\t\t\t\t\t\t\t\t\t\tAnual\t\t\t\t\t\t\t\t\t<\/div>\n\t\t\t\t\t\t\t\t\t<div class=\"ytism-price-details\">\n\t\t\t\t\t\t\t\t\t\t<div class=\"ytsim-price-unit\">&#x24;87.99<span class=\"ytism-price-recurring-interval\">\/ano<\/span><\/div>\n\t\t\t\t\t\t\t\t\t\t<div class=\"ytism-price-desc\">&#x24;87.99 por unidade \/ ano<\/div>\n\t\t\t\t\t\t\t\t\t<\/div>\n\t\t\t\t\t\t\t\t<\/div>\n\t\t\t\t\t\t\t\t<div class=\"ytism-price-loading\" style=\"display: none;\">\n\t\t\t\t\t\t\t\t\t<div class=\"ytism-skeleton ytism-skeleton-price-large\"><\/div>\n\t\t\t\t\t\t\t\t\t<div class=\"ytism-skeleton ytism-skeleton-price-medium\"><\/div>\n\t\t\t\t\t\t\t\t<\/div>\n\t\t\t\t\t\t\t<\/div>\n\t\t\t\t\t\t\t<div class=\"ytism-trail-info\" style=\"\n\t\t\t\t\t\t\t\t\t\t\t\t\t\t\">\n\t\t\t\t\t\t\t\t<div class=\"ytism-trail-price ytism-zero-price\">\n\t\t\t\t\t\t\t\t\t&#x24;0.00\t\t\t\t\t\t\t\t<\/div>\n\t\t\t\t\t\t\t\t<div class=\"ytism-trail-info\">\n\t\t\t\t\t\t\t\t\tPor 7 dias\t\t\t\t\t\t\t\t<\/div>\n\t\t\t\t\t\t\t<\/div>\n\t\t\t\t\t\t<\/div>\n\t\t\t\t\t<\/div>\n\t\t\t\t\t\t\t\t\n\t\t\t\t<div class=\"ytism-plan-desctiption ytism-plan-benefits\">\n\n\t\t\t\t\t<ul class=\"ytism-plan-benefits-primary\">\n\t\t\t\t\t\t<li>\n\t\t\t\t\t\t\t<span class=\"ytism-plan-benefits-dot\"><\/span>\n\t\t\t\t\t\t\t<span class=\"ytism-plan-benefits-text\">\n\t\t\t\t\t\t\t\t<strong>Adorme\u00e7a 2x mais r\u00e1pido<\/strong> &amp; acorde energizado                            <\/span>\n\t\t\t\t\t\t<\/li>\n\n\t\t\t\t\t\t<li>\n\t\t\t\t\t\t\t<span class=\"ytism-plan-benefits-dot\"><\/span>\n\t\t\t\t\t\t\t<span class=\"ytism-plan-benefits-text\">\n\t\t\t\t\t\t\t\t<strong>Elimine o ru\u00eddo mental<\/strong> &amp; sustente a concentra\u00e7\u00e3o\/foco\t\t\t\t\t\t\t<\/span>\n\n\t\t\t\t\t\t<\/li>\n\n\t\t\t\t\t\t<li>\n\t\t\t\t\t\t\t<span class=\"ytism-plan-benefits-dot\"><\/span>\n\t\t\t\t\t\t\t<span class=\"ytism-plan-benefits-text\">\n\t\t\t\t\t\t\t\t<strong>Reprograme os padr\u00f5es do subconsciente<\/strong> que influenciam seus pensamentos e emo\u00e7\u00f5es\t\t\t\t\t\t\t<\/span>\n\n\t\t\t\t\t\t<\/li>\n\n\t\t\t\t\t\t<li>\n\t\t\t\t\t\t\t<span class=\"ytism-plan-benefits-dot\"><\/span>\n\t\t\t\t\t\t\t<span class=\"ytism-plan-benefits-text\">\n\t\t\t\t\t\t\t\t<strong>Reduza a ansiedade<\/strong> e os sintomas <strong>da depress\u00e3o<br> Cultive intelig\u00eancia emocional, equil\u00edbrio interno<\/strong> &amp; <strong>autodom\u00ednio<\/strong>\t\t\t\t\t\t\t<\/span>\n\n\t\t\t\t\t\t<\/li>\n\t\t\t\t\t<\/ul>\n\n\t\t\t\t\t<ul class=\"ytism-plan-benefits-secondary\">\n\t\t\t\t\t\t<li>\n\t\t\t\t\t\t\t<span class=\"ytism-plan-benefits-check\"><\/span>\n\t\t\t\t\t\t\t<span class=\"ytism-plan-benefits-text\">\n\t\t\t\t\t\t\t\t<strong>Sons de cura<\/strong> &amp; Sons 8D\t\t\t\t\t\t\t<\/span>\n\n\t\t\t\t\t\t<\/li>\n\n\t\t\t\t\t\t<li>\n\t\t\t\t\t\t\t<span class=\"ytism-plan-benefits-check\"><\/span>\n\t\t\t\t\t\t\t<span class=\"ytism-plan-benefits-text\">\n\t\t\t\t\t\t\t\t<strong>Afirma\u00e7\u00f5es com frequ\u00eancias Delta &amp; Theta<\/strong>\n\t\t\t\t\t\t\t<\/span>\n\t\t\t\t\t\t<\/li>\n\n\t\t\t\t\t\t<li>\n\t\t\t\t\t\t\t<span class=\"ytism-plan-benefits-check\"><\/span>\n\t\t\t\t\t\t\t<span class=\"ytism-plan-benefits-text\">\n                                <strong>7 frequ\u00eancias para treinar seu c\u00e9rebro<\/strong> diariamente, mantendo-o saud\u00e1vel &amp; afiado<br>E muito mais para nutrir seu <strong>c\u00e9rebro &amp; alma<\/strong>                            <\/span>\n\t\t\t\t\t\t<\/li>\n\t\t\t\t\t<\/ul>\n\n\t\t\t\t<\/div>\n\n\t\t\t\t\n\t\t\t\t<div class=\"ytism-store-buttons\">\n\n\t\t\t\t\t<a href=\"https:\/\/apps.apple.com\/us\/app\/binaural-beats-8d-meditation\/id1545920448\" class=\"ytism-store-link ytism-store-apple\">\n\t\t\t\t\t\t<img \n\t\t\t\t\t\t\tsrc=\"https:\/\/youtunein.com\/wp-content\/uploads\/2026\/02\/apple-storeicon.png\"\n\t\t\t\t\t\t\talt=\"Baixe na App Store\"\n\t\t\t\t\t\t>\n\t\t\t\t\t<\/a>\n\n\t\t\t\t\t\t<a href=\"https:\/\/play.google.com\/store\/apps\/details?id=com.youtunein.youtunein&hl=en_US&gl=US\" class=\"ytism-store-link ytism-store-google\">\n\t\t\t\t\t\t<img \n\t\t\t\t\t\t\tsrc=\"https:\/\/youtunein.com\/wp-content\/uploads\/2026\/02\/gp-icon.png\"\n\t\t\t\t\t\t\talt=\"Baixe no Google Play\"\n\t\t\t\t\t\t>\n\t\t\t\t\t<\/a>\n\n\t\t\t\t<\/div>\n\n\n\t\t\t\t<div class=\"ytism-testimonials-carousel\">\n\t\t\t\t\t<button type=\"button\" class=\"ytism-carousel-arrow ytism-carousel-prev\" aria-label=\"Previous\">\n\t\t\t\t\t\t\u2039\n\t\t\t\t\t<\/button>\n\t\t\t\t\t<div class=\"ytism-plan-cards ytism-plan-testimonials\">\n\t\t\t\t\t\t<div class=\"ytism-plan-card ytism-testimonial-card\">\n\t\t\t\t\t\t\t<div class=\"ytism-testimonial-meta\">\n\t\t\t\t\t\t\t\t<div class=\"ytism-testimonial-stars\">\u2605\u2605\u2605\u2605\u2605<\/div>\n\t\t\t\t\t\t\t\t<div class=\"ytism-testimonial-name\">Michelle<\/div>\n\t\t\t\t\t\t\t<\/div>\n\t\t\t\t\t\t\t<h3 class=\"ytism-testimonial-title\">Melhor rem\u00e9dio para dormir<\/h3>\n\t\t\t\t\t\t\t<p class=\"ytism-testimonial-text\">\n\t\t\t\t\t\t\t\t\u201c\u2026minha filha de 8 anos me pediu para colocar sons relaxantes e n\u00f3s duas dormimos em menos de 10 minutos!\u201d\t\t\t\t\t\t\t<\/p>\n\t\t\t\t\t\t<\/div>\n\n\t\t\t\t\t\t<div class=\"ytism-plan-card ytism-testimonial-card\">\n\t\t\t\t\t\t\t<div class=\"ytism-testimonial-meta\">\n\t\t\t\t\t\t\t\t<div class=\"ytism-testimonial-stars\">\u2605\u2605\u2605\u2605\u2605<\/div>\n\t\t\t\t\t\t\t\t<div class=\"ytism-testimonial-name\">Irena-Sofia<\/div>\n\t\t\t\t\t\t\t<\/div>\n\t\t\t\t\t\t\t<h3 class=\"ytism-testimonial-title\">Mudou a minha vida.<\/h3>\n\t\t\t\t\t\t\t<p class=\"ytism-testimonial-text\">\n\t\t\t\t\t\t\t\t\u201c\u2026de longe o melhor app de medita\u00e7\u00e3o que j\u00e1 usei.\nNo geral, 10\/10.\nSuper recomendo.\u201d\t\t\t\t\t\t\t<\/p>\n\t\t\t\t\t\t<\/div>\n\n\t\t\t\t\t\t<div class=\"ytism-plan-card ytism-testimonial-card\">\n\t\t\t\t\t\t\t<div class=\"ytism-testimonial-meta\">\n\t\t\t\t\t\t\t\t<div class=\"ytism-testimonial-stars\">\u2605\u2605\u2605\u2605\u2605<\/div>\n\t\t\t\t\t\t\t\t<div class=\"ytism-testimonial-name\">Rules<\/div>\n\t\t\t\t\t\t\t<\/div>\n\t\t\t\t\t\t\t<h3 class=\"ytism-testimonial-title\">Estou OBCECADO!!<\/h3>\n\t\t\t\t\t\t\t<p class=\"ytism-testimonial-text\">\n\t\t\t\t\t\t\t\t\u201c\u2026n\u00e3o consigo ficar um dia sem ou sinto que minha vibe fica completamente fora de sintonia!\u201d\t\t\t\t\t\t\t<\/p>\n\t\t\t\t\t\t<\/div>\n\t\t\t\t\t<\/div>\n\t\t\t\t\t<button type=\"button\" class=\"ytism-carousel-arrow ytism-carousel-next\" aria-label=\"Next\">\n\t\t\t\t\t\t\u203a\n\t\t\t\t\t<\/button>\n\t\t\t\t<\/div>\n\n\n\n\t\t\t<\/div>\n\t\t\t\t<div class=\"ytism-user-panel\">\n\t\t\t\t\t\t\t<div class=\"ytism-auth-container\">\n\t\t\t\t\t<h2 class=\"ytism-panel-header\">A academia do seu c\u00e9rebro.<br\/>Comece a trein\u00e1-lo por <strong class=\"ytism-zero-price\">&#x24;0.00<\/strong> Hoje<\/h2>\n\n\t\t\t\t\t<div class=\"ytism-auth-form\">\n\t\t\t\t\t\t\t\t<form method=\"post\" class=\"ytism-register-form ytism-simple-plan\" id=\"ytism-6a00fd23de5e1-register-form\">\n\t\t\t<div class=\"ytism-form-field\">\n\t\t\t\t<label for=\"ytism-6a00fd23de5e1_full_name\" class=\"ytism-form-field-label not-require\">\n\t\t\t\t\tNome Sobrenome:\t\t\t\t<\/label>\n\t\t\t\t<input type=\"text\" name=\"full_name\"\n\t\t\t\t\tid=\"ytism-6a00fd23de5e1_full_name\"\n\t\t\t\t\tmaxlength=\"150\"\n\t\t\t\t\trequired\n\t\t\t\t\tplaceholder=\"Nome Sobrenome:\"\n\t\t\t\t\tvalue=\"\">\n\t\t\t<\/div>\n\t\t\t<div class=\"ytism-form-field\">\n\t\t\t\t<label for=\"ytism-6a00fd23de5e1_email\" class=\"ytism-form-field-label not-require\">E-mail:<\/label>\n\t\t\t\t<input type=\"email\" name=\"email\"\n\t\t\t\t\tid=\"ytism-6a00fd23de5e1_email\"\n\t\t\t\t\tmaxlength=\"100\"\n\t\t\t\t\trequired\n\t\t\t\t\tplaceholder=\"E-mail:\"\n\t\t\t\t\tvalue=\"\">\n\t\t\t<\/div>\n\t\t\t<div class=\"ytism-form-field ytism-form-password-field\">\n\t\t\t\t<label for=\"ytism-6a00fd23de5e1_password\" class=\"ytism-form-field-label not-require\">Crie uma senha:<\/label>\n\t\t\t\t<div class=\"ytism-form-field-password-wrapper\">\n\t\t\t\t\t<input type=\"password\" name=\"password\"\n\t\t\t\t\t\tid=\"ytism-6a00fd23de5e1_password\"\n\t\t\t\t\t\tminlength=\"6\"\n\t\t\t\t\t\tmaxlength=\"64\"\n\t\t\t\t\t\tautocomplete=\"new-password\"\n\t\t\t\t\t\tplaceholder=\"Senha:\"\n\t\t\t\t\t\trequired>\n\t\t\t\t\t<button type=\"button\" class=\"ytism-form-toggle-password\" aria-label=\"Alternar senha\">\n\t\t\t\t\t\t<i class='ytism-icon ytism-icon-eye'><\/i>\n\t\t\t\t\t<\/button>\n\t\t\t\t<\/div>\n\t\t\t\t<div id=\"ytism-6a00fd23de5e1_password_meter\" class=\"ytism-form-password-meter\"><\/div>\n\t\t\t<\/div>\n\t\t\t<div class=\"ytism-form-field ytism-form-password-field\">\n\t\t\t\t<label for=\"ytism-6a00fd23de5e1_confirm_password\" class=\"ytism-form-field-label not-require\">\n\t\t\t\t\tConfirme a senha:\t\t\t\t<\/label>\n\t\t\t\t<div class=\"ytism-form-field-password-wrapper\">\n\t\t\t\t\t<input type=\"password\" name=\"confirm_password\"\n\t\t\t\t\t\tid=\"ytism-6a00fd23de5e1_confirm_password\"\n\t\t\t\t\t\tminlength=\"6\"\n\t\t\t\t\t\tmaxlength=\"64\"\n\t\t\t\t\t\tautocomplete=\"new-password\"\n\t\t\t\t\t\tplaceholder=\"Confirme sua senha:\"\n\t\t\t\t\t\trequired>\n\t\t\t\t\t<button type=\"button\" class=\"ytism-form-toggle-password\" aria-label=\"Alternar senha\">\n\t\t\t\t\t\t<i class='ytism-icon ytism-icon-eye'><\/i>\n\t\t\t\t\t<\/button>\n\t\t\t\t<\/div>\n\t\t\t<\/div>\n\t\t\t<div class=\"ytism-form-field\">\n\t\t\t\t<label for=\"ytism-6a00fd23de5e1_terms\" \n\t\t\t\t\tclass=\"ytism-form-field-label ytism-form-field-label-checkbox ytism-form-field-terms require\">\n\t\t\t\t\t\n\t\t\t\t\t<input type=\"checkbox\"\n\t\t\t\t\t\tname=\"terms\"\n\t\t\t\t\t\tid=\"ytism-6a00fd23de5e1_terms\"\n\t\t\t\t\t\trequired\n\t\t\t\t\t\tvalue=\"1\"\n\t\t\t\t\t\t \/>\n\n\t\t\t\t\t<span class=\"ytism-terms-text\">\n\t\t\t\t\t\tAo clicar em Assinar, voc\u00ea confirma e declara que leu, entendeu e concorda com nossos <a href=\"https:\/\/staging.youtunein.com\/pt-br\/terms-of-use\/\" target=\"_blank\" rel=\"noopener noreferrer\">Termos de Uso<\/a>, <a href=\"https:\/\/staging.youtunein.com\/pt-br\/privacy\/\" target=\"_blank\" rel=\"noopener noreferrer\">Pol\u00edtica de Privacidade e Termos de Assinatura<\/a>. As assinaturas s\u00e3o renovadas automaticamente.\t\t\t\t\t<\/span>\n\n\t\t\t\t<\/label>\n\t\t\t<\/div>\n\n\n\t\t\t<input type=\"hidden\" id=\"nonce\" name=\"nonce\" value=\"8d7971db80\" \/><input type=\"hidden\" name=\"_wp_http_referer\" value=\"\/pt-br\/wp-json\/wp\/v2\/pages\/7078\" \/>\t\t\t<input type=\"hidden\" name=\"auth_action\" value=\"register\">\n\n\t\t\t<button\n\t\t\t\ttype=\"submit\"\n\t\t\t\tname=\"ytism_register\"\n\t\t\t\tclass=\"ytism-btn ytism-register-btn\"\n\t\t\t\tid=\"ytism-6a00fd23de5e1_ytism_register\"\n\t\t\t\tdata-text-monthly=\"Comece Agora\"\n\t\t\t\tdata-text-annual=\"Comece Gratuitamente\"\n\t\t\t>\n\t\t\t\t<span class=\"ytism-btn-text\">\n\t\t\t\t\tComece Agora\t\t\t\t<\/span>\n\t\t\t\t<span class=\"ytism-btn-spinner\" style=\"display:none;\"><\/span>\n\t\t\t<\/button>\n\n\n\t\t<\/form>\n\t\t\t\t\t\t\t<\/div>\n\n\t\t\t\t\t<div class=\"ytism-auth-options\">\n\t\t\t\t\t\t<p>\n\t\t\t\t\t\t\t<span>\n\t\t\t\t\t\t\t\tJ\u00e1 tem uma conta?\t\t\t\t\t\t\t\t<a href=\"javascript:void(0)\" class=\"ytism-show-login\">Fa\u00e7a login aqui.<\/a>\n\t\t\t\t\t\t\t<\/span>\n\t\t\t\t\t\t<\/p>\n\t\t\t\t\t<\/div>\n\t\t\t\t<\/div>\n\t\t\t\t\t<\/div>\n\t<\/div>\n<\/div>\n<\/div>\n\t\t\t\t\t\t<\/div>\n\t\t\t\t<\/div>\n\t\t\t\t<\/div>\n\t\t","protected":false},"excerpt":{"rendered":"","protected":false},"author":3,"featured_media":7568,"parent":0,"menu_order":0,"comment_status":"closed","ping_status":"closed","template":"elementor_header_footer","meta":{"footnotes":""},"class_list":["post-7078","page","type-page","status-publish","has-post-thumbnail","hentry"],"_links":{"self":[{"href":"https:\/\/staging.youtunein.com\/pt-br\/wp-json\/wp\/v2\/pages\/7078","targetHints":{"allow":["GET"]}}],"collection":[{"href":"https:\/\/staging.youtunein.com\/pt-br\/wp-json\/wp\/v2\/pages"}],"about":[{"href":"https:\/\/staging.youtunein.com\/pt-br\/wp-json\/wp\/v2\/types\/page"}],"author":[{"embeddable":true,"href":"https:\/\/staging.youtunein.com\/pt-br\/wp-json\/wp\/v2\/users\/3"}],"replies":[{"embeddable":true,"href":"https:\/\/staging.youtunein.com\/pt-br\/wp-json\/wp\/v2\/comments?post=7078"}],"version-history":[{"count":26,"href":"https:\/\/staging.youtunein.com\/pt-br\/wp-json\/wp\/v2\/pages\/7078\/revisions"}],"predecessor-version":[{"id":7776,"href":"https:\/\/staging.youtunein.com\/pt-br\/wp-json\/wp\/v2\/pages\/7078\/revisions\/7776"}],"wp:featuredmedia":[{"embeddable":true,"href":"https:\/\/staging.youtunein.com\/pt-br\/wp-json\/wp\/v2\/media\/7568"}],"wp:attachment":[{"href":"https:\/\/staging.youtunein.com\/pt-br\/wp-json\/wp\/v2\/media?parent=7078"}],"curies":[{"name":"wp","href":"https:\/\/api.w.org\/{rel}","templated":true}]}}